{"id":424,"date":"2025-10-04T09:34:09","date_gmt":"2025-10-04T07:34:09","guid":{"rendered":"https:\/\/www.gymclubhoudan.fr\/?page_id=424"},"modified":"2025-10-04T09:34:10","modified_gmt":"2025-10-04T07:34:10","slug":"stage-automne-2025","status":"publish","type":"page","link":"https:\/\/www.gymclubhoudan.fr\/index.php\/stage-automne-2025\/","title":{"rendered":"Stage Automne 2025"},"content":{"rendered":"\n<p>Pour les trois groupes N6 et le groupe N7 par Emmanuel et Donovan<\/p>\n\n\n\n<ul class=\"wp-block-list\">\n<li>Lundi 20 octobre 10h-13h * Comp\u00e9titions<\/li>\n\n\n\n<li>Lundi 20 octobre 14h-17h * Comp\u00e9titions<\/li>\n<\/ul>\n\n\n\n<p><\/p>\n\n\n\n<p>Pour tous les groupes loisirs sauf Eveil\/Baby Gym par Emmanuel et Donovan<\/p>\n\n\n\n<ul class=\"wp-block-list\">\n<li>Mercredi 22 octobre 10h-13h * Loisirs<\/li>\n\n\n\n<li>\u00a0Mercredi 22 octobre 14h-17h * Loisirs<\/li>\n<\/ul>\n\n\n\n<p><\/p>\n\n\n\n<p>Pour tous les groupes loisirs sauf Eveil\/Baby Gym par Laureline et Enola<\/p>\n\n\n\n<ul class=\"wp-block-list\">\n<li>Vendredi 24 octobre 10h-13h * Passerelle+N8<\/li>\n\n\n\n<li>\u00a0Vendredi 24 octobre 14h-17h p* Passerelle+N8<\/li>\n<\/ul>\n\n\n\n<p>A l\u2019espace St Matthieu \u2013 Houdan<\/p>\n\n\n\n<p>Tarif journ\u00e9e&nbsp;: 25\u20ac (avec code r\u00e9duction <strong>25STGJOUR)<\/strong> ou par demi-journ\u00e9e = 15 \u20ac<\/p>\n\n\n\n<p>Nombre de places limit\u00e9 \u00e0 32 enfants par session (matin ou apr\u00e8s-midi)<\/p>\n\n\n\n<p>Code r\u00e9duction pour la journ\u00e9e, saisir le code&nbsp;:&nbsp; <strong>25STGJOUR <\/strong>&nbsp;sinon le tarif pr\u00e9f\u00e9rentiel ne s\u2019appliquera pas.<\/p>\n\n\n\n<p>Repas \u00e0 prevoir au midi et go\u00fbter !<\/p>\n\n\n\n<p>Les enfants qui participent au stage journ\u00e9e pourront prendre leur repas sur place sous la surveillance des entraineurs.<\/p>\n\n\n\n<p>GCH pourra annuler la r\u00e9alisation du stage si un nombre d\u2019inscription minimum n\u2019est pas atteint (8 personnes par entraineur mini)<\/p>\n\n\n<figure class=\"wp-block-table\">\n<table class=\"has-fixed-layout\">\n<thead>\n<tr style=\"height: 100px;\">\n<th style=\"width: 125x;\">Stage<\/th>\n<th style=\"width: 75px;\">Horaires<\/th>\n<th style=\"width: 360px;\">Formulaire Inscriptions<\/th>\n<\/tr>\n<\/thead>\n<tbody>\n<tr style=\"height: 360px;\">\n<td><strong>Tous niveaux sauf Eveil Gym et Baby Gym<\/strong><\/td>\n<td>\n<p>10h\/13h<\/p>\n<p>et\/ou<\/p>\n<p>14h\/17h<\/p>\n<\/td>\n<td><iframe id=\"haWidget\" style=\"width: 350px; height: 600px; border: none;\" src=\"https:\/\/www.helloasso.com\/associations\/gym-club-houdanais\/adhesions\/stage-vacances-d-automne-2025\/widget-vignette\"><\/iframe><\/td>\n<\/tr>\n<\/tbody>\n<\/table>\n<\/figure>\n\n\n<p><\/p>\n","protected":false},"excerpt":{"rendered":"<p>Pour les trois groupes N6 et le groupe N7 par Emmanuel et Donovan Pour tous les groupes loisirs sauf Eveil\/Baby Gym par Emmanuel et Donovan Pour tous les groupes loisirs sauf Eveil\/Baby Gym par Laureline et Enola A l\u2019espace St Matthieu \u2013 Houdan Tarif journ\u00e9e&nbsp;: 25\u20ac (avec code r\u00e9duction 25STGJOUR) ou par demi-journ\u00e9e = 15 [&hellip;]<\/p>\n","protected":false},"author":1,"featured_media":0,"parent":0,"menu_order":0,"comment_status":"closed","ping_status":"closed","template":"","meta":{"footnotes":""},"class_list":["post-424","page","type-page","status-publish","hentry"],"_links":{"self":[{"href":"https:\/\/www.gymclubhoudan.fr\/index.php\/wp-json\/wp\/v2\/pages\/424","targetHints":{"allow":["GET"]}}],"collection":[{"href":"https:\/\/www.gymclubhoudan.fr\/index.php\/wp-json\/wp\/v2\/pages"}],"about":[{"href":"https:\/\/www.gymclubhoudan.fr\/index.php\/wp-json\/wp\/v2\/types\/page"}],"author":[{"embeddable":true,"href":"https:\/\/www.gymclubhoudan.fr\/index.php\/wp-json\/wp\/v2\/users\/1"}],"replies":[{"embeddable":true,"href":"https:\/\/www.gymclubhoudan.fr\/index.php\/wp-json\/wp\/v2\/comments?post=424"}],"version-history":[{"count":1,"href":"https:\/\/www.gymclubhoudan.fr\/index.php\/wp-json\/wp\/v2\/pages\/424\/revisions"}],"predecessor-version":[{"id":425,"href":"https:\/\/www.gymclubhoudan.fr\/index.php\/wp-json\/wp\/v2\/pages\/424\/revisions\/425"}],"wp:attachment":[{"href":"https:\/\/www.gymclubhoudan.fr\/index.php\/wp-json\/wp\/v2\/media?parent=424"}],"curies":[{"name":"wp","href":"https:\/\/api.w.org\/{rel}","templated":true}]}}