{"id":388,"date":"2025-06-21T20:24:20","date_gmt":"2025-06-21T18:24:20","guid":{"rendered":"https:\/\/www.gymclubhoudan.fr\/?page_id=388"},"modified":"2025-06-21T20:24:21","modified_gmt":"2025-06-21T18:24:21","slug":"inscriptions-2025-2026-adultes","status":"publish","type":"page","link":"https:\/\/www.gymclubhoudan.fr\/index.php\/inscriptions-2025-2026-adultes\/","title":{"rendered":"Inscriptions 2025\/2026 &#8211; Adultes"},"content":{"rendered":"\n<p>Entraineurs :   Enola, Laureline, Donovan, Emmanuel<\/p>\n\n\n\n<p>Les inscriptions se d\u00e9roulent en ligne en utilisant les liens correspondant \u00e0 l&rsquo;\u00e2ge des participant(e)s  \/ horaires indiqu\u00e9s ci-dessous (bouton &lt;Adh\u00e9rer&gt;)<\/p>\n\n\n\n<p><strong>Attention <\/strong>: vous devez imp\u00e9rativement prendre connaissance des documents ci-apr\u00e8s, ils pourront \u00eatre demand\u00e9 apr\u00e8s votre inscription.<\/p>\n\n\n\n<p>Merci de les t\u00e9l\u00e9charger pr\u00e9alablement , compl\u00e9ter les documents et les conserver (\u00e0 remettre lors du premier cours) :<\/p>\n\n\n\n<ul class=\"wp-block-list\">\n<li><a href=\"https:\/\/drive.google.com\/file\/d\/1jy_0p1-2z7jp3YZF0N70RTETM8MM_3IX\/view?usp=sharing\" data-type=\"link\" data-id=\"https:\/\/drive.google.com\/file\/d\/1jy_0p1-2z7jp3YZF0N70RTETM8MM_3IX\/view?usp=sharing\" target=\"_blank\" rel=\"noreferrer noopener\">Droit \u00e0 l&rsquo;image<\/a><\/li>\n\n\n\n<li><a href=\"https:\/\/drive.google.com\/file\/d\/19tAxG4Ro9Hl8GnusBQT5nY1-FNWkJwkv\/view?usp=drive_link\" data-type=\"link\" data-id=\"https:\/\/drive.google.com\/file\/d\/19tAxG4Ro9Hl8GnusBQT5nY1-FNWkJwkv\/view?usp=drive_link\" target=\"_blank\" rel=\"noreferrer noopener\">Autorisation &#8211; Attestation parentale<\/a><\/li>\n\n\n\n<li><a href=\"https:\/\/drive.google.com\/file\/d\/1RpFOJTzNGgMlGdxdlZ789VpAWjoG7Yle\/view?usp=drive_link\" data-type=\"link\" data-id=\"https:\/\/drive.google.com\/file\/d\/1RpFOJTzNGgMlGdxdlZ789VpAWjoG7Yle\/view?usp=drive_link\" target=\"_blank\" rel=\"noreferrer noopener\">R\u00e8glement int\u00e9rieur<\/a><\/li>\n\n\n\n<li><a href=\"https:\/\/drive.google.com\/file\/d\/19k4ULMZoSdmtQQyqgFxa90zo2abGR1Pt\/view?usp=drive_link\" data-type=\"link\" data-id=\"https:\/\/drive.google.com\/file\/d\/19k4ULMZoSdmtQQyqgFxa90zo2abGR1Pt\/view?usp=drive_link\" target=\"_blank\" rel=\"noreferrer noopener\">Questionnaire sant\u00e9 <\/a><\/li>\n<\/ul>\n\n\n\n<p>Vous avez le choix de payer imm\u00e9diatement ou en 3 fois&nbsp;en ligne.<\/p>\n\n\n\n<p>Pour les paiements compl\u00e9mentaires hors ligne,&nbsp;un paiement de l&rsquo;adh\u00e9sion, et licence est obligatoire en ligne.&nbsp;Pour les paiements sp\u00e9cifiques, en compl\u00e9ment de votre pr\u00e9-inscription, merci de nous pr\u00e9ciser l\u2019objet de votre demande et nous vous r\u00e9pondrons sur la d\u00e9marche \u00e0 effectuer pour finaliser le r\u00e8glement. Il y aura une permanence sp\u00e9cifique pour r\u00e9aliser les paiements compl\u00e9mentaires,  lors de la journ\u00e9e du Forum des Associations le samedi 6 septembre 2025 de 10h00 \u00e0 17h00<br>Ferme Deschamps \/ Terrain Dringot \/ Chemin de Ronde.<\/p>\n\n\n\n<ul class=\"wp-block-list\">\n<li>La cotisation GCH est obligatoire afin d&rsquo;\u00eatre membre de l&rsquo;association.<\/li>\n\n\n\n<li>La licence FFG est obligatoire, elle inclue une assurance.<\/li>\n\n\n\n<li>Le code promo CCPH est \u00e0 renseigner pour les habitants des communes de la CCPH. si votre lieu d&rsquo;habitation est parmi les 36 communes suivantes (voir <a href=\"https:\/\/www.cc-payshoudanais.fr\/fr\/decouvrir-la-ccph\/le-territoire\/les-communes.html\" target=\"_blank\" rel=\"noreferrer noopener\">liste des communes de la CCPH<\/a>)<\/li>\n\n\n\n<li>Tous les dossiers incomplets seront refus\u00e9s.<\/li>\n\n\n\n<li>Conform\u00e9ment \u00e0 notre r\u00e8glement int\u00e9rieur, les adh\u00e9rents qui ne sont pas \u00e0 jour de leur paiement de la saison pr\u00e9c\u00e9dente seront radi\u00e9s ou enregistr\u00e9s sur liste d&rsquo;attente.<\/li>\n<\/ul>\n\n\n\n<p>En cas de cours COMPLET, merci de vous enregistrer sur la <a href=\"https:\/\/www.gymclubhoudan.fr\/index.php\/demande-liste-dattente\/\" data-type=\"page\" data-id=\"233\">liste d&rsquo;attente<\/a>, ainsi nous aurons la possibilit\u00e9 de vous contacter (ouverture de nouveaux cours, d\u00e9sistement, &#8230;)<\/p>\n\n\n\n<ul class=\"wp-block-list\">\n<li>Adultes<\/li>\n<\/ul>\n\n\n<figure class=\"wp-block-table\">\n<table class=\"has-fixed-layout\">\n<thead>\n<tr style=\"height: 100px;\">\n<th style=\"width: 125x;\">Niveau<\/th>\n<th style=\"width: 75px;\">Horaires<\/th>\n<th style=\"width: 360px;\">Formulaire Inscriptions<\/th>\n<\/tr>\n<\/thead>\n<tbody>\n<tr style=\"height: 360px;\">\n<td>\n<p><strong>ADULTES<\/strong><\/p>\n<p>+ de 18 ans<\/p>\n<\/td>\n<td>20h00 21H30<\/td>\n<td><iframe id=\"haWidget\" style=\"width: 350px; height: 550px; border: none;\" src=\"https:\/\/www.helloasso.com\/associations\/gym-club-houdanais\/adhesions\/adultes-lundi-lau-20h-1h30-2025-2026\/widget-vignette\"><\/iframe><\/td>\n<\/tr>\n<\/tbody>\n<\/table>\n<\/figure>\n\n\n<p><\/p>\n\n\n\n<p><\/p>\n","protected":false},"excerpt":{"rendered":"<p>Entraineurs : Enola, Laureline, Donovan, Emmanuel Les inscriptions se d\u00e9roulent en ligne en utilisant les liens correspondant \u00e0 l&rsquo;\u00e2ge des participant(e)s \/ horaires indiqu\u00e9s ci-dessous (bouton &lt;Adh\u00e9rer&gt;) Attention : vous devez imp\u00e9rativement prendre connaissance des documents ci-apr\u00e8s, ils pourront \u00eatre demand\u00e9 apr\u00e8s votre inscription. Merci de les t\u00e9l\u00e9charger pr\u00e9alablement , compl\u00e9ter les documents et les [&hellip;]<\/p>\n","protected":false},"author":1,"featured_media":0,"parent":0,"menu_order":0,"comment_status":"closed","ping_status":"closed","template":"","meta":{"footnotes":""},"class_list":["post-388","page","type-page","status-publish","hentry"],"_links":{"self":[{"href":"https:\/\/www.gymclubhoudan.fr\/index.php\/wp-json\/wp\/v2\/pages\/388","targetHints":{"allow":["GET"]}}],"collection":[{"href":"https:\/\/www.gymclubhoudan.fr\/index.php\/wp-json\/wp\/v2\/pages"}],"about":[{"href":"https:\/\/www.gymclubhoudan.fr\/index.php\/wp-json\/wp\/v2\/types\/page"}],"author":[{"embeddable":true,"href":"https:\/\/www.gymclubhoudan.fr\/index.php\/wp-json\/wp\/v2\/users\/1"}],"replies":[{"embeddable":true,"href":"https:\/\/www.gymclubhoudan.fr\/index.php\/wp-json\/wp\/v2\/comments?post=388"}],"version-history":[{"count":1,"href":"https:\/\/www.gymclubhoudan.fr\/index.php\/wp-json\/wp\/v2\/pages\/388\/revisions"}],"predecessor-version":[{"id":389,"href":"https:\/\/www.gymclubhoudan.fr\/index.php\/wp-json\/wp\/v2\/pages\/388\/revisions\/389"}],"wp:attachment":[{"href":"https:\/\/www.gymclubhoudan.fr\/index.php\/wp-json\/wp\/v2\/media?parent=388"}],"curies":[{"name":"wp","href":"https:\/\/api.w.org\/{rel}","templated":true}]}}