{"id":332,"date":"2025-06-21T18:32:24","date_gmt":"2025-06-21T16:32:24","guid":{"rendered":"https:\/\/www.gymclubhoudan.fr\/?page_id=332"},"modified":"2025-06-23T18:47:05","modified_gmt":"2025-06-23T16:47:05","slug":"inscriptions-passerelles","status":"publish","type":"page","link":"https:\/\/www.gymclubhoudan.fr\/index.php\/inscriptions-passerelles\/","title":{"rendered":"Inscriptions 2025\/2026 &#8211; Passerelles"},"content":{"rendered":"\n<ul class=\"wp-block-list\">\n<li>Passerelles 1 &#8211; Entraineur Laureline<\/li>\n\n\n\n<li>Passerelles 2 &#8211; Entraineur Enola<\/li>\n<\/ul>\n\n\n\n<p>Les inscriptions se d\u00e9roulent en ligne en utilisant les liens correspondant au niveau communiqu\u00e9 par votre entraineur cette ann\u00e9e \/ horaires indiqu\u00e9s ci-dessous (colonne Horaires)<\/p>\n\n\n\n<p><strong>Attention <\/strong>: vous devez imp\u00e9rativement prendre connaissance des documents ci-apr\u00e8s, ils pourront \u00eatre demand\u00e9 apr\u00e8s votre inscription.<\/p>\n\n\n\n<p>Merci de les t\u00e9l\u00e9charger pr\u00e9alablement , compl\u00e9ter les documents et les conserver (\u00e0 remettre lors du premier cours) :<\/p>\n\n\n\n<ul class=\"wp-block-list\">\n<li><a href=\"https:\/\/drive.google.com\/file\/d\/1jy_0p1-2z7jp3YZF0N70RTETM8MM_3IX\/view?usp=sharing\" data-type=\"link\" data-id=\"https:\/\/drive.google.com\/file\/d\/1jy_0p1-2z7jp3YZF0N70RTETM8MM_3IX\/view?usp=sharing\" target=\"_blank\" rel=\"noreferrer noopener\">Droit \u00e0 l&rsquo;image<\/a><\/li>\n\n\n\n<li><a href=\"https:\/\/drive.google.com\/file\/d\/19tAxG4Ro9Hl8GnusBQT5nY1-FNWkJwkv\/view?usp=drive_link\" data-type=\"link\" data-id=\"https:\/\/drive.google.com\/file\/d\/19tAxG4Ro9Hl8GnusBQT5nY1-FNWkJwkv\/view?usp=drive_link\" target=\"_blank\" rel=\"noreferrer noopener\">Autorisation &#8211; Attestation parentale<\/a><\/li>\n\n\n\n<li><a href=\"https:\/\/drive.google.com\/file\/d\/1RpFOJTzNGgMlGdxdlZ789VpAWjoG7Yle\/view?usp=drive_link\" data-type=\"link\" data-id=\"https:\/\/drive.google.com\/file\/d\/1RpFOJTzNGgMlGdxdlZ789VpAWjoG7Yle\/view?usp=drive_link\" target=\"_blank\" rel=\"noreferrer noopener\">R\u00e8glement int\u00e9rieur<\/a><\/li>\n\n\n\n<li><a href=\"https:\/\/drive.google.com\/file\/d\/19k4ULMZoSdmtQQyqgFxa90zo2abGR1Pt\/view?usp=drive_link\" data-type=\"link\" data-id=\"https:\/\/drive.google.com\/file\/d\/19k4ULMZoSdmtQQyqgFxa90zo2abGR1Pt\/view?usp=drive_link\" target=\"_blank\" rel=\"noreferrer noopener\">Questionnaire sant\u00e9 <\/a><\/li>\n<\/ul>\n\n\n\n<p>Vous avez le choix de payer imm\u00e9diatement ou en 3 fois&nbsp;en ligne.<\/p>\n\n\n\n<p>Pour les paiements compl\u00e9mentaires hors ligne,&nbsp;un paiement de l&rsquo;adh\u00e9sion, et licence est obligatoire en ligne.&nbsp;Pour les paiements sp\u00e9cifiques, en compl\u00e9ment de votre pr\u00e9-inscription, merci de nous pr\u00e9ciser l\u2019objet de votre demande et nous vous r\u00e9pondrons sur la d\u00e9marche \u00e0 effectuer pour finaliser le r\u00e8glement. Il y aura une permanence sp\u00e9cifique pour r\u00e9aliser les paiements compl\u00e9mentaires,  lors de la journ\u00e9e du Forum des Associations le samedi 6 septembre 2025 de 10h00 \u00e0 17h00<br>Ferme Deschamps \/ Terrain Dringot \/ Chemin de Ronde.<\/p>\n\n\n\n<ul class=\"wp-block-list\">\n<li>La cotisation GCH est obligatoire afin d&rsquo;\u00eatre membre de l&rsquo;association.<\/li>\n\n\n\n<li>La licence FFG est obligatoire, elle inclue une assurance.<\/li>\n\n\n\n<li>Le code promo CCPH est \u00e0 renseigner pour les habitants des communes de la CCPH. si votre lieu d&rsquo;habitation est parmi les 36 communes suivantes (voir <a href=\"https:\/\/www.cc-payshoudanais.fr\/fr\/decouvrir-la-ccph\/le-territoire\/les-communes.html\" target=\"_blank\" rel=\"noreferrer noopener\">liste des communes de la CCPH<\/a>)<\/li>\n\n\n\n<li>Tous les dossiers incomplets seront refus\u00e9s.<\/li>\n\n\n\n<li>Conform\u00e9ment \u00e0 notre r\u00e8glement int\u00e9rieur, les adh\u00e9rents qui ne sont pas \u00e0 jour de leur paiement de la saison pr\u00e9c\u00e9dente seront radi\u00e9s ou enregistr\u00e9s sur liste d&rsquo;attente.<\/li>\n<\/ul>\n\n\n\n<p>En cas de cours COMPLET, merci de vous enregistrer sur la <a href=\"https:\/\/www.gymclubhoudan.fr\/index.php\/demande-liste-dattente\/\" data-type=\"page\" data-id=\"233\">liste d&rsquo;attente<\/a>, ainsi nous aurons la possibilit\u00e9 de vous contacter (ouverture de nouveaux cours, d\u00e9sistement, &#8230;)<\/p>\n\n\n<figure class=\"wp-block-table\">\n<table class=\"has-fixed-layout\">\n<thead>\n<tr style=\"height: 100px;\">\n<th style=\"width: 125x;\">Niveau<\/th>\n<th style=\"width: 75px;\">Horaires<\/th>\n<th style=\"width: 360px;\">Formulaire Inscriptions<\/th>\n<\/tr>\n<\/thead>\n<tbody>\n<tr style=\"height: 360px;\">\n<td><strong>Passerelles 1<\/strong><\/td>\n<td>SAMEDI 16H00 18H00<\/td>\n<td><iframe id=\"haWidget\" style=\"width: 350px; height: 600px; border: none;\" src=\"https:\/\/www.helloasso.com\/associations\/gym-club-houdanais\/adhesions\/passerelles2-samedi-en-16h-2h-2025-2026\/widget-vignette\"><\/iframe><\/td>\n<\/tr>\n<tr style=\"height: 360px;\">\n<td><strong>Passerelles 2<\/strong><\/td>\n<td>\n<p>MARDI<\/p>\n<p>17H15 19H15<\/p>\n<\/td>\n<td><iframe id=\"haWidget\" style=\"width: 350px; height: 600px; border: none;\" src=\"https:\/\/www.helloasso.com\/associations\/gym-club-houdanais\/adhesions\/passerelles1-mardi-lau-17h15-2h-2025-2026\/widget-vignette\"><\/iframe><\/td>\n<\/tr>\n<\/tbody>\n<\/table>\n<\/figure>\n\n\n<p><\/p>\n","protected":false},"excerpt":{"rendered":"<p>Les inscriptions se d\u00e9roulent en ligne en utilisant les liens correspondant au niveau communiqu\u00e9 par votre entraineur cette ann\u00e9e \/ horaires indiqu\u00e9s ci-dessous (colonne Horaires) Attention : vous devez imp\u00e9rativement prendre connaissance des documents ci-apr\u00e8s, ils pourront \u00eatre demand\u00e9 apr\u00e8s votre inscription. Merci de les t\u00e9l\u00e9charger pr\u00e9alablement , compl\u00e9ter les documents et les conserver (\u00e0 [&hellip;]<\/p>\n","protected":false},"author":1,"featured_media":0,"parent":0,"menu_order":0,"comment_status":"closed","ping_status":"closed","template":"","meta":{"footnotes":""},"class_list":["post-332","page","type-page","status-publish","hentry"],"_links":{"self":[{"href":"https:\/\/www.gymclubhoudan.fr\/index.php\/wp-json\/wp\/v2\/pages\/332","targetHints":{"allow":["GET"]}}],"collection":[{"href":"https:\/\/www.gymclubhoudan.fr\/index.php\/wp-json\/wp\/v2\/pages"}],"about":[{"href":"https:\/\/www.gymclubhoudan.fr\/index.php\/wp-json\/wp\/v2\/types\/page"}],"author":[{"embeddable":true,"href":"https:\/\/www.gymclubhoudan.fr\/index.php\/wp-json\/wp\/v2\/users\/1"}],"replies":[{"embeddable":true,"href":"https:\/\/www.gymclubhoudan.fr\/index.php\/wp-json\/wp\/v2\/comments?post=332"}],"version-history":[{"count":20,"href":"https:\/\/www.gymclubhoudan.fr\/index.php\/wp-json\/wp\/v2\/pages\/332\/revisions"}],"predecessor-version":[{"id":407,"href":"https:\/\/www.gymclubhoudan.fr\/index.php\/wp-json\/wp\/v2\/pages\/332\/revisions\/407"}],"wp:attachment":[{"href":"https:\/\/www.gymclubhoudan.fr\/index.php\/wp-json\/wp\/v2\/media?parent=332"}],"curies":[{"name":"wp","href":"https:\/\/api.w.org\/{rel}","templated":true}]}}