{"id":15,"date":"2024-07-21T21:36:28","date_gmt":"2024-07-21T19:36:28","guid":{"rendered":"https:\/\/www.gymclubhoudan.fr\/?page_id=15"},"modified":"2025-07-07T22:29:16","modified_gmt":"2025-07-07T20:29:16","slug":"inscriptions-2024-2025-loisirs","status":"publish","type":"page","link":"https:\/\/www.gymclubhoudan.fr\/index.php\/inscriptions-2024-2025-loisirs\/","title":{"rendered":"Inscriptions 2025\/2026 -Loisirs"},"content":{"rendered":"\n<p>Entraineurs :   Enola, Laureline, Donovan, Emmanuel<\/p>\n\n\n\n<p>Les inscriptions se d\u00e9roulent en ligne en utilisant les liens correspondant \u00e0 l&rsquo;\u00e2ge des participant(e)s  \/ horaires indiqu\u00e9s ci-dessous (bouton &lt;Adh\u00e9rer&gt;)<\/p>\n\n\n\n<p><strong>Attention <\/strong>: vous devez imp\u00e9rativement prendre connaissance des documents ci-apr\u00e8s, ils pourront \u00eatre demand\u00e9 apr\u00e8s votre inscription.<\/p>\n\n\n\n<p>Merci de les t\u00e9l\u00e9charger pr\u00e9alablement , compl\u00e9ter les documents et les conserver (\u00e0 remettre lors du premier cours) :<\/p>\n\n\n\n<ul class=\"wp-block-list\">\n<li><a href=\"https:\/\/drive.google.com\/file\/d\/1jy_0p1-2z7jp3YZF0N70RTETM8MM_3IX\/view?usp=sharing\" data-type=\"link\" data-id=\"https:\/\/drive.google.com\/file\/d\/1jy_0p1-2z7jp3YZF0N70RTETM8MM_3IX\/view?usp=sharing\" target=\"_blank\" rel=\"noreferrer noopener\">Droit \u00e0 l&rsquo;image<\/a><\/li>\n\n\n\n<li><a href=\"https:\/\/drive.google.com\/file\/d\/19tAxG4Ro9Hl8GnusBQT5nY1-FNWkJwkv\/view?usp=drive_link\" data-type=\"link\" data-id=\"https:\/\/drive.google.com\/file\/d\/19tAxG4Ro9Hl8GnusBQT5nY1-FNWkJwkv\/view?usp=drive_link\" target=\"_blank\" rel=\"noreferrer noopener\">Autorisation &#8211; Attestation parentale<\/a><\/li>\n\n\n\n<li><a href=\"https:\/\/drive.google.com\/file\/d\/1RpFOJTzNGgMlGdxdlZ789VpAWjoG7Yle\/view?usp=drive_link\" data-type=\"link\" data-id=\"https:\/\/drive.google.com\/file\/d\/1RpFOJTzNGgMlGdxdlZ789VpAWjoG7Yle\/view?usp=drive_link\" target=\"_blank\" rel=\"noreferrer noopener\">R\u00e8glement int\u00e9rieur<\/a><\/li>\n\n\n\n<li><a href=\"https:\/\/drive.google.com\/file\/d\/19k4ULMZoSdmtQQyqgFxa90zo2abGR1Pt\/view?usp=drive_link\" data-type=\"link\" data-id=\"https:\/\/drive.google.com\/file\/d\/19k4ULMZoSdmtQQyqgFxa90zo2abGR1Pt\/view?usp=drive_link\" target=\"_blank\" rel=\"noreferrer noopener\">Questionnaire sant\u00e9 <\/a><\/li>\n<\/ul>\n\n\n\n<p>Vous avez le choix de payer imm\u00e9diatement ou en 3 fois&nbsp;en ligne.<\/p>\n\n\n\n<p>Pour les paiements compl\u00e9mentaires hors ligne,&nbsp;un paiement de l&rsquo;adh\u00e9sion, et licence est obligatoire en ligne.&nbsp;Pour les paiements sp\u00e9cifiques, en compl\u00e9ment de votre pr\u00e9-inscription, merci de nous pr\u00e9ciser l\u2019objet de votre demande et nous vous r\u00e9pondrons sur la d\u00e9marche \u00e0 effectuer pour finaliser le r\u00e8glement. Il y aura une permanence sp\u00e9cifique pour r\u00e9aliser les paiements compl\u00e9mentaires,  lors de la journ\u00e9e du Forum des Associations le samedi 6 septembre 2025 de 10h00 \u00e0 17h00<br>Ferme Deschamps \/ Terrain Dringot \/ Chemin de Ronde.<\/p>\n\n\n\n<ul class=\"wp-block-list\">\n<li>La cotisation GCH est obligatoire afin d&rsquo;\u00eatre membre de l&rsquo;association.<\/li>\n\n\n\n<li>La licence FFG est obligatoire, elle inclue une assurance.<\/li>\n\n\n\n<li>Le code promo CCPH est \u00e0 renseigner pour les habitants des communes de la CCPH. si votre lieu d&rsquo;habitation est parmi les 36 communes suivantes (voir <a href=\"https:\/\/www.cc-payshoudanais.fr\/fr\/decouvrir-la-ccph\/le-territoire\/les-communes.html\" target=\"_blank\" rel=\"noreferrer noopener\">liste des communes de la CCPH<\/a>)<\/li>\n\n\n\n<li>Tous les dossiers incomplets seront refus\u00e9s.<\/li>\n\n\n\n<li>Conform\u00e9ment \u00e0 notre r\u00e8glement int\u00e9rieur, les adh\u00e9rents qui ne sont pas \u00e0 jour de leur paiement de la saison pr\u00e9c\u00e9dente seront radi\u00e9s ou enregistr\u00e9s sur liste d&rsquo;attente.<\/li>\n<\/ul>\n\n\n\n<p>En cas de cours COMPLET, merci de vous enregistrer sur la <a href=\"https:\/\/www.gymclubhoudan.fr\/index.php\/demande-liste-dattente\/\" data-type=\"page\" data-id=\"233\">liste d&rsquo;attente<\/a>, ainsi nous aurons la possibilit\u00e9 de vous contacter (ouverture de nouveaux cours, d\u00e9sistement, &#8230;)<\/p>\n\n\n\n<ul class=\"wp-block-list\">\n<li>Eveil-gym (enfants n\u00e9s entre le 1er janvier 2021 et le 31 d\u00e9c. 2022)<\/li>\n\n\n\n<li>Baby-gym ( enfants n\u00e9 entre le 1er janvier 2020 et le 31 d\u00e9c. 2020)<\/li>\n<\/ul>\n\n\n<figure class=\"wp-block-table\">\n<table class=\"has-fixed-layout\">\n<thead>\n<tr style=\"height: 100px;\">\n<th style=\"width: 125x;\">Niveau<\/th>\n<th style=\"width: 75px;\">Horaires<\/th>\n<th style=\"width: 360px;\">Formulaire Inscriptions<\/th>\n<\/tr>\n<\/thead>\n<tbody>\n<tr style=\"height: 360px;\">\n<td>\n<p><strong>EVEIL GYM<\/strong><\/p>\n<p>enfants n\u00e9s entre le 1er janvier 2021 et le 31 d\u00e9c. 2022<\/p>\n<\/td>\n<td>8h30 9H30<\/td>\n<td><iframe id=\"haWidget\" style=\"width: 350px; height: 550px; border: none;\" src=\"https:\/\/www.helloasso.com\/associations\/gym-club-houdanais\/adhesions\/eveil-me8h30-1h-2025-2026\/widget-vignette\"><\/iframe><\/td>\n<\/tr>\n<tr style=\"height: 360px;\">\n<td>\n<p><strong>BABY GYM<\/strong><\/p>\n<p>enfants n\u00e9s entre le 1er janvier 2020 et le 31 d\u00e9c. 2020<\/p>\n<\/td>\n<td>\u00a09H30 10H30<\/td>\n<td><iframe id=\"haWidget\" style=\"width: 350px; height: 550px; border: none;\" src=\"https:\/\/www.helloasso.com\/associations\/gym-club-houdanais\/adhesions\/baby-gym-mercredi-9h30-1h-2025-2026\/widget-vignette\"><\/iframe><\/td>\n<\/tr>\n<\/tbody>\n<\/table>\n<\/figure>\n\n\n<ul class=\"wp-block-list\">\n<li>Poussines 6 \u00e0 8 ans (n\u00e9e en 2017\/2018\/2019)<\/li>\n<\/ul>\n\n\n<figure class=\"wp-block-table\">\n<table class=\"has-fixed-layout\">\n<thead>\n<tr style=\"height: 100px;\">\n<th style=\"width: 125x;\">Niveau<\/th>\n<th style=\"width: 75px;\">Horaires<\/th>\n<th style=\"width: 360px;\">Formulaire Inscriptions<\/th>\n<\/tr>\n<\/thead>\n<tbody>\n<tr style=\"height: 360px;\">\n<td>\n<p><strong>POUSSINES<\/strong><\/p>\n<p>6 \u00e0 8 ans (n\u00e9e en 2017\/2018\/2019)<\/p>\n<\/td>\n<td>17h30 19H30<\/td>\n<td><iframe id=\"haWidget\" style=\"width: 350px; height: 550px; border: none;\" src=\"https:\/\/www.helloasso.com\/associations\/gym-club-houdanais\/adhesions\/poussines-mad-17h30-1h30-2025-2026\/widget-vignette\"><\/iframe><\/td>\n<\/tr>\n<tr style=\"height: 360px;\">\n<td>\n<p><strong>POUSSINES<\/strong><\/p>\n<p>6 \u00e0 8 ans (n\u00e9e en 2017\/2018\/2019)<\/p>\n<\/td>\n<td>\u00a010H30 12H00<\/td>\n<td><iframe id=\"haWidget\" style=\"width: 350px; height: 550px; border: none;\" src=\"https:\/\/www.helloasso.com\/associations\/gym-club-houdanais\/adhesions\/poussines-mercredi-e-10h30-1h30-2025-2026\/widget-vignette\"><\/iframe><\/td>\n<\/tr>\n<tr style=\"height: 360px;\">\n<td>\n<p><strong>POUSSINES<\/strong><\/p>\n<p>6 \u00e0 8 ans (n\u00e9e en 2017\/2018\/2019)<\/p>\n<\/td>\n<td>\u00a017H30 19H00<\/td>\n<td><iframe id=\"haWidget\" style=\"width: 350px; height: 550px; border: none;\" src=\"https:\/\/www.helloasso.com\/associations\/gym-club-houdanais\/adhesions\/poussines-jeudi-d-17h30-1h30-2025-2026\/widget-vignette\"><\/iframe><\/td>\n<\/tr>\n<tr style=\"height: 360px;\">\n<td>\n<p><strong>POUSSINES<\/strong><\/p>\n<p>6 \u00e0 8 ans (n\u00e9e en 2017\/2018\/2019)<\/p>\n<\/td>\n<td>\u00a017H30 19H00<\/td>\n<td><iframe id=\"haWidget\" style=\"width: 350px; height: 550px; border: none;\" src=\"https:\/\/www.helloasso.com\/associations\/gym-club-houdanais\/adhesions\/poussines-vendredi-en-17h30-1h30-2025-2026\/widget-vignette\"><\/iframe><\/td>\n<\/tr>\n<tr style=\"height: 360px;\">\n<td>\n<p><strong>POUSSINES<\/strong><\/p>\n<p>6 \u00e0 8 ans (n\u00e9e en 2017\/2018\/2019)<\/p>\n<\/td>\n<td>\u00a013H00 14H30<\/td>\n<td><iframe id=\"haWidget\" style=\"width: 350px; height: 550px; border: none;\" src=\"https:\/\/www.helloasso.com\/associations\/gym-club-houdanais\/adhesions\/poussines-samedi-d-13h-1h30-2025-2026\/widget-vignette\"><\/iframe><\/td>\n<\/tr>\n<\/tbody>\n<\/table>\n<\/figure>\n\n\n<ul class=\"wp-block-list\">\n<li>Benjamines 9 \u00e0 10 ans (n\u00e9e en 2015\/2016)<\/li>\n<\/ul>\n\n\n<figure class=\"wp-block-table\">\n<table class=\"has-fixed-layout\">\n<thead>\n<tr style=\"height: 100px;\">\n<th style=\"width: 125x;\">Niveau<\/th>\n<th style=\"width: 75px;\">Horaires<\/th>\n<th style=\"width: 360px;\">Formulaire Inscriptions<\/th>\n<\/tr>\n<\/thead>\n<tbody>\n<tr style=\"height: 360px;\">\n<td>\n<p><strong>BENJAMINES<\/strong><\/p>\n<p>9 \u00e0 10 ans (n\u00e9e en 2015\/2016)<\/p>\n<\/td>\n<td>15h30 17H00<\/td>\n<td><iframe id=\"haWidget\" style=\"width: 350px; height: 550px; border: none;\" src=\"https:\/\/www.helloasso.com\/associations\/gym-club-houdanais\/adhesions\/benjamines-mercredi-d-15h30-1h30-2025-2026\/widget-vignette\"><\/iframe><\/td>\n<\/tr>\n<tr style=\"height: 360px;\">\n<td>\n<p><strong>BENJAMINES<\/strong><\/p>\n<p>9 \u00e0 10 ans (n\u00e9e en 2015\/2016)<\/p>\n<\/td>\n<td>\u00a017H30 19H00<\/td>\n<td><iframe id=\"haWidget\" style=\"width: 350px; height: 550px; border: none;\" src=\"https:\/\/www.helloasso.com\/associations\/gym-club-houdanais\/adhesions\/benjamines-vendredi-d-17h30-1h30-2025-2026\/widget-vignette\"><\/iframe><\/td>\n<\/tr>\n<tr style=\"height: 360px;\">\n<td>\n<p><strong>BENJAMINES<\/strong><\/p>\n<p>9 \u00e0 10 ans (n\u00e9e en 2015\/2016)<\/p>\n<\/td>\n<td>\u00a013H00 14H30<\/td>\n<td><iframe id=\"haWidget\" style=\"width: 350px; height: 550px; border: none;\" src=\"https:\/\/www.helloasso.com\/associations\/gym-club-houdanais\/adhesions\/benjamines-samedi-13h00-a-14h30-2025-2026\/widget-vignette\"><\/iframe><\/td>\n<\/tr>\n<\/tbody>\n<\/table>\n<\/figure>\n\n\n<ul class=\"wp-block-list\">\n<li>Cadettes TC 11 ans et + (n\u00e9e en 2014 et avant)<\/li>\n<\/ul>\n\n\n<figure class=\"wp-block-table\">\n<table class=\"has-fixed-layout\">\n<thead>\n<tr style=\"height: 100px;\">\n<th style=\"width: 125x;\">Niveau<\/th>\n<th style=\"width: 75px;\">Horaires<\/th>\n<th style=\"width: 360px;\">Formulaire Inscriptions<\/th>\n<\/tr>\n<\/thead>\n<tbody>\n<tr style=\"height: 360px;\">\n<td>\n<p><strong>CADETTES<\/strong><\/p>\n<p>11 ans et + (n\u00e9e en 2014 et avant)<\/p>\n<\/td>\n<td>18h30 20H00<\/td>\n<td><iframe id=\"haWidget\" style=\"width: 350px; height: 550px; border: none;\" src=\"https:\/\/www.helloasso.com\/associations\/gym-club-houdanais\/adhesions\/cadettes-mercredi-d-18h30-1h30-2025-2026\/widget-vignette\"><\/iframe><\/td>\n<\/tr>\n<tr style=\"height: 360px;\">\n<td>\n<p><strong>CADETTES<\/strong><\/p>\n<p>11 ans et + (n\u00e9e en 2014 et avant)<\/p>\n<\/td>\n<td>\u00a019H00 20H30<\/td>\n<td><iframe id=\"haWidget\" style=\"width: 350px; height: 550px; border: none;\" src=\"https:\/\/www.helloasso.com\/associations\/gym-club-houdanais\/adhesions\/cadettes-vendredi-en-19h-1h30-2025-2026\/widget-vignette\"><\/iframe><\/td>\n<\/tr>\n<\/tbody>\n<\/table>\n<\/figure>\n\n\n<p><\/p>\n\n\n\n<ul class=\"wp-block-list\">\n<li>Gar\u00e7ons de 8 ans et + (n\u00e9 en 2015 et avant)<\/li>\n<\/ul>\n\n\n<figure class=\"wp-block-table\">\n<table class=\"has-fixed-layout\">\n<thead>\n<tr style=\"height: 100px;\">\n<th style=\"width: 125x;\">Niveau<\/th>\n<th style=\"width: 75px;\">Horaires<\/th>\n<th style=\"width: 360px;\">Formulaire Inscriptions<\/th>\n<\/tr>\n<\/thead>\n<tbody>\n<tr style=\"height: 360px;\">\n<td>\n<p><strong>GARCONS<\/strong><\/p>\n<p>8 ans et + (n\u00e9 en 2015 et avant)<\/p>\n<\/td>\n<td>17h30 19H00<\/td>\n<td><iframe id=\"haWidget\" style=\"width: 350px; height: 550px; border: none;\" src=\"https:\/\/www.helloasso.com\/associations\/gym-club-houdanais\/adhesions\/garcons-mardi-en-17h30-1h30-2025-2026\/widget-vignette\"><\/iframe><\/td>\n<\/tr>\n<\/tbody>\n<\/table>\n<\/figure>\n\n\n<p><\/p>\n\n\n\n<ul class=\"wp-block-list\">\n<li>Adultes<\/li>\n<\/ul>\n\n\n<figure class=\"wp-block-table\">\n<table class=\"has-fixed-layout\">\n<thead>\n<tr style=\"height: 100px;\">\n<th style=\"width: 125x;\">Niveau<\/th>\n<th style=\"width: 75px;\">Horaires<\/th>\n<th style=\"width: 360px;\">Formulaire Inscriptions<\/th>\n<\/tr>\n<\/thead>\n<tbody>\n<tr style=\"height: 360px;\">\n<td>\n<p><strong>ADULTES<\/strong><\/p>\n<p>+ de 18 ans<\/p>\n<\/td>\n<td>20h00 21H30<\/td>\n<td><iframe id=\"haWidget\" style=\"width: 350px; height: 550px; border: none;\" src=\"https:\/\/www.helloasso.com\/associations\/gym-club-houdanais\/adhesions\/adultes-lundi-lau-20h-1h30-2025-2026\/widget-vignette\"><\/iframe><\/td>\n<\/tr>\n<\/tbody>\n<\/table>\n<\/figure>\n\n\n<p><\/p>\n\n\n\n<p><\/p>\n","protected":false},"excerpt":{"rendered":"<p>Entraineurs : Enola, Laureline, Donovan, Emmanuel Les inscriptions se d\u00e9roulent en ligne en utilisant les liens correspondant \u00e0 l&rsquo;\u00e2ge des participant(e)s \/ horaires indiqu\u00e9s ci-dessous (bouton &lt;Adh\u00e9rer&gt;) Attention : vous devez imp\u00e9rativement prendre connaissance des documents ci-apr\u00e8s, ils pourront \u00eatre demand\u00e9 apr\u00e8s votre inscription. Merci de les t\u00e9l\u00e9charger pr\u00e9alablement , compl\u00e9ter les documents et les [&hellip;]<\/p>\n","protected":false},"author":1,"featured_media":0,"parent":0,"menu_order":0,"comment_status":"closed","ping_status":"closed","template":"","meta":{"footnotes":""},"class_list":["post-15","page","type-page","status-publish","hentry"],"_links":{"self":[{"href":"https:\/\/www.gymclubhoudan.fr\/index.php\/wp-json\/wp\/v2\/pages\/15","targetHints":{"allow":["GET"]}}],"collection":[{"href":"https:\/\/www.gymclubhoudan.fr\/index.php\/wp-json\/wp\/v2\/pages"}],"about":[{"href":"https:\/\/www.gymclubhoudan.fr\/index.php\/wp-json\/wp\/v2\/types\/page"}],"author":[{"embeddable":true,"href":"https:\/\/www.gymclubhoudan.fr\/index.php\/wp-json\/wp\/v2\/users\/1"}],"replies":[{"embeddable":true,"href":"https:\/\/www.gymclubhoudan.fr\/index.php\/wp-json\/wp\/v2\/comments?post=15"}],"version-history":[{"count":41,"href":"https:\/\/www.gymclubhoudan.fr\/index.php\/wp-json\/wp\/v2\/pages\/15\/revisions"}],"predecessor-version":[{"id":417,"href":"https:\/\/www.gymclubhoudan.fr\/index.php\/wp-json\/wp\/v2\/pages\/15\/revisions\/417"}],"wp:attachment":[{"href":"https:\/\/www.gymclubhoudan.fr\/index.php\/wp-json\/wp\/v2\/media?parent=15"}],"curies":[{"name":"wp","href":"https:\/\/api.w.org\/{rel}","templated":true}]}}